{"id":1667,"date":"2023-07-31T14:18:20","date_gmt":"2023-07-31T14:18:20","guid":{"rendered":"https:\/\/gemma.c4g-pt.eu\/?page_id=1667"},"modified":"2023-07-31T18:17:27","modified_gmt":"2023-07-31T18:17:27","slug":"contact","status":"publish","type":"page","link":"https:\/\/gemma.c4g-pt.eu\/index.php\/contact\/","title":{"rendered":"Contact"},"content":{"rendered":"\n<p><\/p>\n\n\n\n<p><\/p>\n\n\n\n<h3 class=\"wp-block-heading\"><strong>GEMMA Project team<\/strong><\/h3>\n\n\n\n<h4 class=\"wp-block-heading\">University of Beira Interior (c\/o) Prof. Rui Fernandes<\/h4>\n\n\n\n<h4 class=\"wp-block-heading\">Rua Marqu\u00eas D&#8217;\u00c1vila e Bolama, 6201-001 Covilh\u00e3<\/h4>\n\n\n\n<h4 class=\"wp-block-heading\">gemma(at)segal.ubi.pt<\/h4>\n\n\n\n<figure class=\"wp-block-image size-full is-style-default\"><img decoding=\"async\" loading=\"lazy\" width=\"274\" height=\"222\" src=\"https:\/\/gemma.c4g-pt.eu\/wp-content\/uploads\/2023\/07\/logo_gemma-6.png\" alt=\"\" class=\"wp-image-1698\"\/><\/figure>\n","protected":false},"excerpt":{"rendered":"<p>GEMMA Project team University of Beira Interior (c\/o) Prof. Rui Fernandes Rua Marqu\u00eas D&#8217;\u00c1vila e Bolama, 6201-001 Covilh\u00e3 gemma(at)segal.ubi.pt<\/p>\n","protected":false},"author":3,"featured_media":0,"parent":0,"menu_order":0,"comment_status":"closed","ping_status":"closed","template":"","meta":[],"_links":{"self":[{"href":"https:\/\/gemma.c4g-pt.eu\/index.php\/wp-json\/wp\/v2\/pages\/1667"}],"collection":[{"href":"https:\/\/gemma.c4g-pt.eu\/index.php\/wp-json\/wp\/v2\/pages"}],"about":[{"href":"https:\/\/gemma.c4g-pt.eu\/index.php\/wp-json\/wp\/v2\/types\/page"}],"author":[{"embeddable":true,"href":"https:\/\/gemma.c4g-pt.eu\/index.php\/wp-json\/wp\/v2\/users\/3"}],"replies":[{"embeddable":true,"href":"https:\/\/gemma.c4g-pt.eu\/index.php\/wp-json\/wp\/v2\/comments?post=1667"}],"version-history":[{"count":4,"href":"https:\/\/gemma.c4g-pt.eu\/index.php\/wp-json\/wp\/v2\/pages\/1667\/revisions"}],"predecessor-version":[{"id":1699,"href":"https:\/\/gemma.c4g-pt.eu\/index.php\/wp-json\/wp\/v2\/pages\/1667\/revisions\/1699"}],"wp:attachment":[{"href":"https:\/\/gemma.c4g-pt.eu\/index.php\/wp-json\/wp\/v2\/media?parent=1667"}],"curies":[{"name":"wp","href":"https:\/\/api.w.org\/{rel}","templated":true}]}}